{"id":333,"date":"2024-11-12T10:16:40","date_gmt":"2024-11-12T10:16:40","guid":{"rendered":"https:\/\/mel.eloq.xyz\/?page_id=333"},"modified":"2025-04-14T15:11:48","modified_gmt":"2025-04-14T15:11:48","slug":"melges-15","status":"publish","type":"page","link":"https:\/\/melges.ch\/fr\/deriveurs\/melges-15\/","title":{"rendered":"Melges 15"},"content":{"rendered":"\n\n\n\n\n\n\n\n\n\n\n\n\n\n\n\n\n\n","protected":false},"excerpt":{"rendered":"<p>Le Melges 15 allie stabilit\u00e9 et performance, id\u00e9al pour les adultes et les \u00e9coles de voile. Avec des r\u00e9glages simples pour la navigation en club ou en r\u00e9gate, il offre polyvalence et confort de navigation.<\/p>\n","protected":false},"author":1,"featured_media":195,"parent":323,"menu_order":0,"comment_status":"closed","ping_status":"closed","template":"","meta":{"_acf_changed":false,"footnotes":""},"class_list":["post-333","page","type-page","status-publish","has-post-thumbnail","hentry"],"acf":[],"yoast_head":"<!-- This site is optimized with the Yoast SEO plugin v27.4 - https:\/\/yoast.com\/product\/yoast-seo-wordpress\/ -->\n<title>Melges 15 - Melges Switzerland<\/title>\n<meta name=\"robots\" content=\"index, follow, max-snippet:-1, max-image-preview:large, max-video-preview:-1\" \/>\n<link rel=\"canonical\" href=\"https:\/\/melges.ch\/fr\/deriveurs\/melges-15\/\" \/>\n<meta property=\"og:locale\" content=\"fr_FR\" \/>\n<meta property=\"og:type\" content=\"article\" \/>\n<meta property=\"og:title\" content=\"Melges 15 - Melges Switzerland\" \/>\n<meta property=\"og:description\" content=\"Le Melges 15 allie stabilit\u00e9 et performance, id\u00e9al pour les adultes et les \u00e9coles de voile. Avec des r\u00e9glages simples pour la navigation en club ou en r\u00e9gate, il offre polyvalence et confort de navigation.\" \/>\n<meta property=\"og:url\" content=\"https:\/\/melges.ch\/fr\/deriveurs\/melges-15\/\" \/>\n<meta property=\"og:site_name\" content=\"Melges Switzerland\" \/>\n<meta property=\"article:modified_time\" content=\"2025-04-14T15:11:48+00:00\" \/>\n<meta property=\"og:image\" content=\"https:\/\/melges.ch\/wp-content\/uploads\/2024\/11\/1925e7005f494196dc3f1fb453c3149d.jpeg\" \/>\n\t<meta property=\"og:image:width\" content=\"2560\" \/>\n\t<meta property=\"og:image:height\" content=\"1707\" \/>\n\t<meta property=\"og:image:type\" content=\"image\/jpeg\" \/>\n<meta name=\"twitter:card\" content=\"summary_large_image\" \/>\n<meta name=\"twitter:label1\" content=\"Dur\u00e9e de lecture estim\u00e9e\" \/>\n\t<meta name=\"twitter:data1\" content=\"1 minute\" \/>\n<script type=\"application\/ld+json\" class=\"yoast-schema-graph\">{\"@context\":\"https:\\\/\\\/schema.org\",\"@graph\":[{\"@type\":\"WebPage\",\"@id\":\"https:\\\/\\\/melges.ch\\\/fr\\\/deriveurs\\\/melges-15\\\/\",\"url\":\"https:\\\/\\\/melges.ch\\\/fr\\\/deriveurs\\\/melges-15\\\/\",\"name\":\"Melges 15 - Melges Switzerland\",\"isPartOf\":{\"@id\":\"https:\\\/\\\/melges.ch\\\/fr\\\/#website\"},\"primaryImageOfPage\":{\"@id\":\"https:\\\/\\\/melges.ch\\\/fr\\\/deriveurs\\\/melges-15\\\/#primaryimage\"},\"image\":{\"@id\":\"https:\\\/\\\/melges.ch\\\/fr\\\/deriveurs\\\/melges-15\\\/#primaryimage\"},\"thumbnailUrl\":\"https:\\\/\\\/melges.ch\\\/wp-content\\\/uploads\\\/2024\\\/11\\\/1925e7005f494196dc3f1fb453c3149d.jpeg\",\"datePublished\":\"2024-11-12T10:16:40+00:00\",\"dateModified\":\"2025-04-14T15:11:48+00:00\",\"breadcrumb\":{\"@id\":\"https:\\\/\\\/melges.ch\\\/fr\\\/deriveurs\\\/melges-15\\\/#breadcrumb\"},\"inLanguage\":\"fr-FR\",\"potentialAction\":[{\"@type\":\"ReadAction\",\"target\":[\"https:\\\/\\\/melges.ch\\\/fr\\\/deriveurs\\\/melges-15\\\/\"]}]},{\"@type\":\"ImageObject\",\"inLanguage\":\"fr-FR\",\"@id\":\"https:\\\/\\\/melges.ch\\\/fr\\\/deriveurs\\\/melges-15\\\/#primaryimage\",\"url\":\"https:\\\/\\\/melges.ch\\\/wp-content\\\/uploads\\\/2024\\\/11\\\/1925e7005f494196dc3f1fb453c3149d.jpeg\",\"contentUrl\":\"https:\\\/\\\/melges.ch\\\/wp-content\\\/uploads\\\/2024\\\/11\\\/1925e7005f494196dc3f1fb453c3149d.jpeg\",\"width\":2560,\"height\":1707},{\"@type\":\"BreadcrumbList\",\"@id\":\"https:\\\/\\\/melges.ch\\\/fr\\\/deriveurs\\\/melges-15\\\/#breadcrumb\",\"itemListElement\":[{\"@type\":\"ListItem\",\"position\":1,\"name\":\"Startseite\",\"item\":\"https:\\\/\\\/melges.ch\\\/fr\\\/\"},{\"@type\":\"ListItem\",\"position\":2,\"name\":\"D\u00e9riveurs\",\"item\":\"https:\\\/\\\/melges.ch\\\/fr\\\/deriveurs\\\/\"},{\"@type\":\"ListItem\",\"position\":3,\"name\":\"Melges 15\"}]},{\"@type\":\"WebSite\",\"@id\":\"https:\\\/\\\/melges.ch\\\/fr\\\/#website\",\"url\":\"https:\\\/\\\/melges.ch\\\/fr\\\/\",\"name\":\"Melges Switzerland\",\"description\":\"Melges 14 und Melges 15\",\"potentialAction\":[{\"@type\":\"SearchAction\",\"target\":{\"@type\":\"EntryPoint\",\"urlTemplate\":\"https:\\\/\\\/melges.ch\\\/fr\\\/?s={search_term_string}\"},\"query-input\":{\"@type\":\"PropertyValueSpecification\",\"valueRequired\":true,\"valueName\":\"search_term_string\"}}],\"inLanguage\":\"fr-FR\"}]}<\/script>\n<!-- \/ Yoast SEO plugin. -->","yoast_head_json":{"title":"Melges 15 - Melges Switzerland","robots":{"index":"index","follow":"follow","max-snippet":"max-snippet:-1","max-image-preview":"max-image-preview:large","max-video-preview":"max-video-preview:-1"},"canonical":"https:\/\/melges.ch\/fr\/deriveurs\/melges-15\/","og_locale":"fr_FR","og_type":"article","og_title":"Melges 15 - Melges Switzerland","og_description":"Le Melges 15 allie stabilit\u00e9 et performance, id\u00e9al pour les adultes et les \u00e9coles de voile. Avec des r\u00e9glages simples pour la navigation en club ou en r\u00e9gate, il offre polyvalence et confort de navigation.","og_url":"https:\/\/melges.ch\/fr\/deriveurs\/melges-15\/","og_site_name":"Melges Switzerland","article_modified_time":"2025-04-14T15:11:48+00:00","og_image":[{"width":2560,"height":1707,"url":"https:\/\/melges.ch\/wp-content\/uploads\/2024\/11\/1925e7005f494196dc3f1fb453c3149d.jpeg","type":"image\/jpeg"}],"twitter_card":"summary_large_image","twitter_misc":{"Dur\u00e9e de lecture estim\u00e9e":"1 minute"},"schema":{"@context":"https:\/\/schema.org","@graph":[{"@type":"WebPage","@id":"https:\/\/melges.ch\/fr\/deriveurs\/melges-15\/","url":"https:\/\/melges.ch\/fr\/deriveurs\/melges-15\/","name":"Melges 15 - Melges Switzerland","isPartOf":{"@id":"https:\/\/melges.ch\/fr\/#website"},"primaryImageOfPage":{"@id":"https:\/\/melges.ch\/fr\/deriveurs\/melges-15\/#primaryimage"},"image":{"@id":"https:\/\/melges.ch\/fr\/deriveurs\/melges-15\/#primaryimage"},"thumbnailUrl":"https:\/\/melges.ch\/wp-content\/uploads\/2024\/11\/1925e7005f494196dc3f1fb453c3149d.jpeg","datePublished":"2024-11-12T10:16:40+00:00","dateModified":"2025-04-14T15:11:48+00:00","breadcrumb":{"@id":"https:\/\/melges.ch\/fr\/deriveurs\/melges-15\/#breadcrumb"},"inLanguage":"fr-FR","potentialAction":[{"@type":"ReadAction","target":["https:\/\/melges.ch\/fr\/deriveurs\/melges-15\/"]}]},{"@type":"ImageObject","inLanguage":"fr-FR","@id":"https:\/\/melges.ch\/fr\/deriveurs\/melges-15\/#primaryimage","url":"https:\/\/melges.ch\/wp-content\/uploads\/2024\/11\/1925e7005f494196dc3f1fb453c3149d.jpeg","contentUrl":"https:\/\/melges.ch\/wp-content\/uploads\/2024\/11\/1925e7005f494196dc3f1fb453c3149d.jpeg","width":2560,"height":1707},{"@type":"BreadcrumbList","@id":"https:\/\/melges.ch\/fr\/deriveurs\/melges-15\/#breadcrumb","itemListElement":[{"@type":"ListItem","position":1,"name":"Startseite","item":"https:\/\/melges.ch\/fr\/"},{"@type":"ListItem","position":2,"name":"D\u00e9riveurs","item":"https:\/\/melges.ch\/fr\/deriveurs\/"},{"@type":"ListItem","position":3,"name":"Melges 15"}]},{"@type":"WebSite","@id":"https:\/\/melges.ch\/fr\/#website","url":"https:\/\/melges.ch\/fr\/","name":"Melges Switzerland","description":"Melges 14 und Melges 15","potentialAction":[{"@type":"SearchAction","target":{"@type":"EntryPoint","urlTemplate":"https:\/\/melges.ch\/fr\/?s={search_term_string}"},"query-input":{"@type":"PropertyValueSpecification","valueRequired":true,"valueName":"search_term_string"}}],"inLanguage":"fr-FR"}]}},"_links":{"self":[{"href":"https:\/\/melges.ch\/fr\/wp-json\/wp\/v2\/pages\/333","targetHints":{"allow":["GET"]}}],"collection":[{"href":"https:\/\/melges.ch\/fr\/wp-json\/wp\/v2\/pages"}],"about":[{"href":"https:\/\/melges.ch\/fr\/wp-json\/wp\/v2\/types\/page"}],"author":[{"embeddable":true,"href":"https:\/\/melges.ch\/fr\/wp-json\/wp\/v2\/users\/1"}],"replies":[{"embeddable":true,"href":"https:\/\/melges.ch\/fr\/wp-json\/wp\/v2\/comments?post=333"}],"version-history":[{"count":6,"href":"https:\/\/melges.ch\/fr\/wp-json\/wp\/v2\/pages\/333\/revisions"}],"predecessor-version":[{"id":802,"href":"https:\/\/melges.ch\/fr\/wp-json\/wp\/v2\/pages\/333\/revisions\/802"}],"up":[{"embeddable":true,"href":"https:\/\/melges.ch\/fr\/wp-json\/wp\/v2\/pages\/323"}],"wp:featuredmedia":[{"embeddable":true,"href":"https:\/\/melges.ch\/fr\/wp-json\/wp\/v2\/media\/195"}],"wp:attachment":[{"href":"https:\/\/melges.ch\/fr\/wp-json\/wp\/v2\/media?parent=333"}],"curies":[{"name":"wp","href":"https:\/\/api.w.org\/{rel}","templated":true}]}}