{"id":517,"date":"2024-11-12T11:47:06","date_gmt":"2024-11-12T11:47:06","guid":{"rendered":"https:\/\/mel.eloq.xyz\/?page_id=517"},"modified":"2024-12-11T00:02:34","modified_gmt":"2024-12-11T00:02:34","slug":"melges-14","status":"publish","type":"page","link":"https:\/\/melges.ch\/fr\/deriveurs\/melges-14\/","title":{"rendered":"Melges 14"},"content":{"rendered":"\n\n\n\n\n\n\n\n\n\n\n\n\n\n","protected":false},"excerpt":{"rendered":"<p>La Melges 14 est un d\u00e9riveur solitaire polyvalent, reconnu \u00e0 l\u2019international. L\u00e9ger, rapide et \u00e9quip\u00e9 de trois gr\u00e9ements diff\u00e9rents, il est id\u00e9al pour la navigation de loisir ou les comp\u00e9titions sportives.<\/p>\n","protected":false},"author":1,"featured_media":461,"parent":323,"menu_order":0,"comment_status":"closed","ping_status":"closed","template":"","meta":{"_acf_changed":false,"footnotes":""},"class_list":["post-517","page","type-page","status-publish","has-post-thumbnail","hentry"],"acf":[],"yoast_head":"<!-- This site is optimized with the Yoast SEO plugin v27.4 - https:\/\/yoast.com\/product\/yoast-seo-wordpress\/ -->\n<title>Melges 14 - Melges Switzerland<\/title>\n<meta name=\"robots\" content=\"index, follow, max-snippet:-1, max-image-preview:large, max-video-preview:-1\" \/>\n<link rel=\"canonical\" href=\"https:\/\/melges.ch\/fr\/deriveurs\/melges-14\/\" \/>\n<meta property=\"og:locale\" content=\"fr_FR\" \/>\n<meta property=\"og:type\" content=\"article\" \/>\n<meta property=\"og:title\" content=\"Melges 14 - Melges Switzerland\" \/>\n<meta property=\"og:description\" content=\"La Melges 14 est un d\u00e9riveur solitaire polyvalent, reconnu \u00e0 l\u2019international. L\u00e9ger, rapide et \u00e9quip\u00e9 de trois gr\u00e9ements diff\u00e9rents, il est id\u00e9al pour la navigation de loisir ou les comp\u00e9titions sportives.\" \/>\n<meta property=\"og:url\" content=\"https:\/\/melges.ch\/fr\/deriveurs\/melges-14\/\" \/>\n<meta property=\"og:site_name\" content=\"Melges Switzerland\" \/>\n<meta property=\"article:modified_time\" content=\"2024-12-11T00:02:34+00:00\" \/>\n<meta property=\"og:image\" content=\"https:\/\/melges.ch\/wp-content\/uploads\/2024\/12\/Melges14\u2013NiccoBianchi.jpg\" \/>\n\t<meta property=\"og:image:width\" content=\"2500\" \/>\n\t<meta property=\"og:image:height\" content=\"1478\" \/>\n\t<meta property=\"og:image:type\" content=\"image\/jpeg\" \/>\n<meta name=\"twitter:card\" content=\"summary_large_image\" \/>\n<meta name=\"twitter:label1\" content=\"Dur\u00e9e de lecture estim\u00e9e\" \/>\n\t<meta name=\"twitter:data1\" content=\"1 minute\" \/>\n<script type=\"application\/ld+json\" class=\"yoast-schema-graph\">{\"@context\":\"https:\\\/\\\/schema.org\",\"@graph\":[{\"@type\":\"WebPage\",\"@id\":\"https:\\\/\\\/melges.ch\\\/fr\\\/deriveurs\\\/melges-14\\\/\",\"url\":\"https:\\\/\\\/melges.ch\\\/fr\\\/deriveurs\\\/melges-14\\\/\",\"name\":\"Melges 14 - Melges Switzerland\",\"isPartOf\":{\"@id\":\"https:\\\/\\\/melges.ch\\\/fr\\\/#website\"},\"primaryImageOfPage\":{\"@id\":\"https:\\\/\\\/melges.ch\\\/fr\\\/deriveurs\\\/melges-14\\\/#primaryimage\"},\"image\":{\"@id\":\"https:\\\/\\\/melges.ch\\\/fr\\\/deriveurs\\\/melges-14\\\/#primaryimage\"},\"thumbnailUrl\":\"https:\\\/\\\/melges.ch\\\/wp-content\\\/uploads\\\/2024\\\/12\\\/Melges14\u2013NiccoBianchi.jpg\",\"datePublished\":\"2024-11-12T11:47:06+00:00\",\"dateModified\":\"2024-12-11T00:02:34+00:00\",\"breadcrumb\":{\"@id\":\"https:\\\/\\\/melges.ch\\\/fr\\\/deriveurs\\\/melges-14\\\/#breadcrumb\"},\"inLanguage\":\"fr-FR\",\"potentialAction\":[{\"@type\":\"ReadAction\",\"target\":[\"https:\\\/\\\/melges.ch\\\/fr\\\/deriveurs\\\/melges-14\\\/\"]}]},{\"@type\":\"ImageObject\",\"inLanguage\":\"fr-FR\",\"@id\":\"https:\\\/\\\/melges.ch\\\/fr\\\/deriveurs\\\/melges-14\\\/#primaryimage\",\"url\":\"https:\\\/\\\/melges.ch\\\/wp-content\\\/uploads\\\/2024\\\/12\\\/Melges14\u2013NiccoBianchi.jpg\",\"contentUrl\":\"https:\\\/\\\/melges.ch\\\/wp-content\\\/uploads\\\/2024\\\/12\\\/Melges14\u2013NiccoBianchi.jpg\",\"width\":2500,\"height\":1478,\"caption\":\"Day 3 Sailing Series Melges 32 Porto Venere, 8-10 aprile 2016 \u00a9 BPSE\\\/ZGN\"},{\"@type\":\"BreadcrumbList\",\"@id\":\"https:\\\/\\\/melges.ch\\\/fr\\\/deriveurs\\\/melges-14\\\/#breadcrumb\",\"itemListElement\":[{\"@type\":\"ListItem\",\"position\":1,\"name\":\"Startseite\",\"item\":\"https:\\\/\\\/melges.ch\\\/fr\\\/\"},{\"@type\":\"ListItem\",\"position\":2,\"name\":\"D\u00e9riveurs\",\"item\":\"https:\\\/\\\/melges.ch\\\/fr\\\/deriveurs\\\/\"},{\"@type\":\"ListItem\",\"position\":3,\"name\":\"Melges 14\"}]},{\"@type\":\"WebSite\",\"@id\":\"https:\\\/\\\/melges.ch\\\/fr\\\/#website\",\"url\":\"https:\\\/\\\/melges.ch\\\/fr\\\/\",\"name\":\"Melges Switzerland\",\"description\":\"Melges 14 und Melges 15\",\"potentialAction\":[{\"@type\":\"SearchAction\",\"target\":{\"@type\":\"EntryPoint\",\"urlTemplate\":\"https:\\\/\\\/melges.ch\\\/fr\\\/?s={search_term_string}\"},\"query-input\":{\"@type\":\"PropertyValueSpecification\",\"valueRequired\":true,\"valueName\":\"search_term_string\"}}],\"inLanguage\":\"fr-FR\"}]}<\/script>\n<!-- \/ Yoast SEO plugin. -->","yoast_head_json":{"title":"Melges 14 - Melges Switzerland","robots":{"index":"index","follow":"follow","max-snippet":"max-snippet:-1","max-image-preview":"max-image-preview:large","max-video-preview":"max-video-preview:-1"},"canonical":"https:\/\/melges.ch\/fr\/deriveurs\/melges-14\/","og_locale":"fr_FR","og_type":"article","og_title":"Melges 14 - Melges Switzerland","og_description":"La Melges 14 est un d\u00e9riveur solitaire polyvalent, reconnu \u00e0 l\u2019international. L\u00e9ger, rapide et \u00e9quip\u00e9 de trois gr\u00e9ements diff\u00e9rents, il est id\u00e9al pour la navigation de loisir ou les comp\u00e9titions sportives.","og_url":"https:\/\/melges.ch\/fr\/deriveurs\/melges-14\/","og_site_name":"Melges Switzerland","article_modified_time":"2024-12-11T00:02:34+00:00","og_image":[{"width":2500,"height":1478,"url":"https:\/\/melges.ch\/wp-content\/uploads\/2024\/12\/Melges14\u2013NiccoBianchi.jpg","type":"image\/jpeg"}],"twitter_card":"summary_large_image","twitter_misc":{"Dur\u00e9e de lecture estim\u00e9e":"1 minute"},"schema":{"@context":"https:\/\/schema.org","@graph":[{"@type":"WebPage","@id":"https:\/\/melges.ch\/fr\/deriveurs\/melges-14\/","url":"https:\/\/melges.ch\/fr\/deriveurs\/melges-14\/","name":"Melges 14 - Melges Switzerland","isPartOf":{"@id":"https:\/\/melges.ch\/fr\/#website"},"primaryImageOfPage":{"@id":"https:\/\/melges.ch\/fr\/deriveurs\/melges-14\/#primaryimage"},"image":{"@id":"https:\/\/melges.ch\/fr\/deriveurs\/melges-14\/#primaryimage"},"thumbnailUrl":"https:\/\/melges.ch\/wp-content\/uploads\/2024\/12\/Melges14\u2013NiccoBianchi.jpg","datePublished":"2024-11-12T11:47:06+00:00","dateModified":"2024-12-11T00:02:34+00:00","breadcrumb":{"@id":"https:\/\/melges.ch\/fr\/deriveurs\/melges-14\/#breadcrumb"},"inLanguage":"fr-FR","potentialAction":[{"@type":"ReadAction","target":["https:\/\/melges.ch\/fr\/deriveurs\/melges-14\/"]}]},{"@type":"ImageObject","inLanguage":"fr-FR","@id":"https:\/\/melges.ch\/fr\/deriveurs\/melges-14\/#primaryimage","url":"https:\/\/melges.ch\/wp-content\/uploads\/2024\/12\/Melges14\u2013NiccoBianchi.jpg","contentUrl":"https:\/\/melges.ch\/wp-content\/uploads\/2024\/12\/Melges14\u2013NiccoBianchi.jpg","width":2500,"height":1478,"caption":"Day 3 Sailing Series Melges 32 Porto Venere, 8-10 aprile 2016 \u00a9 BPSE\/ZGN"},{"@type":"BreadcrumbList","@id":"https:\/\/melges.ch\/fr\/deriveurs\/melges-14\/#breadcrumb","itemListElement":[{"@type":"ListItem","position":1,"name":"Startseite","item":"https:\/\/melges.ch\/fr\/"},{"@type":"ListItem","position":2,"name":"D\u00e9riveurs","item":"https:\/\/melges.ch\/fr\/deriveurs\/"},{"@type":"ListItem","position":3,"name":"Melges 14"}]},{"@type":"WebSite","@id":"https:\/\/melges.ch\/fr\/#website","url":"https:\/\/melges.ch\/fr\/","name":"Melges Switzerland","description":"Melges 14 und Melges 15","potentialAction":[{"@type":"SearchAction","target":{"@type":"EntryPoint","urlTemplate":"https:\/\/melges.ch\/fr\/?s={search_term_string}"},"query-input":{"@type":"PropertyValueSpecification","valueRequired":true,"valueName":"search_term_string"}}],"inLanguage":"fr-FR"}]}},"_links":{"self":[{"href":"https:\/\/melges.ch\/fr\/wp-json\/wp\/v2\/pages\/517","targetHints":{"allow":["GET"]}}],"collection":[{"href":"https:\/\/melges.ch\/fr\/wp-json\/wp\/v2\/pages"}],"about":[{"href":"https:\/\/melges.ch\/fr\/wp-json\/wp\/v2\/types\/page"}],"author":[{"embeddable":true,"href":"https:\/\/melges.ch\/fr\/wp-json\/wp\/v2\/users\/1"}],"replies":[{"embeddable":true,"href":"https:\/\/melges.ch\/fr\/wp-json\/wp\/v2\/comments?post=517"}],"version-history":[{"count":2,"href":"https:\/\/melges.ch\/fr\/wp-json\/wp\/v2\/pages\/517\/revisions"}],"predecessor-version":[{"id":519,"href":"https:\/\/melges.ch\/fr\/wp-json\/wp\/v2\/pages\/517\/revisions\/519"}],"up":[{"embeddable":true,"href":"https:\/\/melges.ch\/fr\/wp-json\/wp\/v2\/pages\/323"}],"wp:featuredmedia":[{"embeddable":true,"href":"https:\/\/melges.ch\/fr\/wp-json\/wp\/v2\/media\/461"}],"wp:attachment":[{"href":"https:\/\/melges.ch\/fr\/wp-json\/wp\/v2\/media?parent=517"}],"curies":[{"name":"wp","href":"https:\/\/api.w.org\/{rel}","templated":true}]}}